{"id":9,"date":"2014-05-28T18:06:32","date_gmt":"2014-05-28T18:06:32","guid":{"rendered":"http:\/\/fairy.hu\/blog\/?page_id=9"},"modified":"2017-10-17T18:18:06","modified_gmt":"2017-10-17T18:18:06","slug":"fairy","status":"publish","type":"page","link":"https:\/\/fairy.hu\/blog\/fairy\/","title":{"rendered":"Fairy"},"content":{"rendered":"<p>Egy ideje &#8211; vagy tizen\u00f6t \u00e9ve? &#8211; ez a nick k\u00e9pviseli az on-line jelenl\u00e9temet. Hogy hol mindenhol? Megpr\u00f3b\u00e1ltam \u00f6sszeszedni:<\/p>\n<p>MovesCount: <a href=\"http:\/\/www.movescount.com\/members\/member435290-Fairy_\" target=\"_blank\">Fairy_<\/a><\/p>\n<p>Google Photos:\u00a0 <a href=\"https:\/\/get.google.com\/albumarchive\/104097258223836112497?source=pwa\">Ferenc&#8217;s Album Archive<\/a><\/p>\n<p>Edz\u00e9sOnline:\u00a0<a title=\"Online edz\u00e9snapl\u00f3\" href=\"http:\/\/edzesonline.hu\/adatlap\/Fairy\/8048\" target=\"_blank\">Fairy adatlapja<\/a><\/p>\n<p>Google Drive (.xls): <a href=\"https:\/\/drive.google.com\/file\/d\/0B2UrYGNkwxhlQ0ZSN2dFcU5LMTg\/view?usp=sharing\" target=\"_blank\">Challenges_2014<\/a><\/p>\n<p>Endomondo:\u00a0\u00a0<a title=\"Endomondo Profile\" href=\"http:\/\/www.endomondo.com\/profile\/8515045\" target=\"_blank\">Fairy Ferenc K\u00f6vecs<\/a><\/p>\n<p>ITRA:\u00a0<a title=\"Nemzetk\u00f6zi Terepfut\u00f3 Sz\u00f6vets\u00e9g\" href=\"http:\/\/i-tra.org\/community\/ferenc.kovecs\/428019\/\/\">Ferenc K\u00d6VECS (Men \/ Hungary)<\/a><\/p>\n<p>Facebook, &#8222;hivatalos&#8221;: <a href=\"https:\/\/www.facebook.com\/FairyFutoFoto\" target=\"_blank\">Fairy:Fut\u00f3+Fot\u00f3<\/a><\/p>\n<p>Facebook, szem\u00e9lyes: <a title=\"Facebook-profil\" href=\"https:\/\/www.facebook.com\/ferenc.kovecs\" target=\"_blank\">K\u00f6vecs Ferenc<\/a><\/p>\n<p>Twitter: <a title=\"Twitter account\" href=\"https:\/\/twitter.com\/_F_a_i_r_y_\" target=\"_blank\">_F_a_i_r_y_<\/a><\/p>\n<p>YouTube:\u00a0<a title=\"YouTube channel\" href=\"https:\/\/www.youtube.com\/user\/O0o0OFairyO0o0O\" target=\"_blank\">O0o0OFairyO0o0O<\/a><\/p>\n<p>Geocaching:\u00a0<a title=\"Geocaching.hu adatlap\" href=\"http:\/\/geocaching.hu\/users.geo?id=26\" target=\"_blank\">Fairy<\/a> \u00e9s <a title=\"r\u00e9gi Geocaching.hu adatlap\" href=\"http:\/\/geocaching.hu\/users.geo?id=17615\" target=\"_blank\">Old Fairy<\/a><\/p>\n<p>Oszkar.com Telekocsi: <a href=\"https:\/\/www.oszkar.com\/user\/profile.php?user=1505844885:Fairy\">Fairy (id:1505844885)<\/a><\/p>\n<p>&#8230;\u00e9s m\u00e9g folytathatn\u00e1m&#8230; \ud83d\ude42<\/p>\n<p>&nbsp;<\/p>\n<p>&nbsp;<\/p>\n<p>&nbsp;<\/p>\n<div class=\"pvc_clear\"><\/div>\n<p id=\"pvc_stats_9\" class=\"pvc_stats all  \" data-element-id=\"9\" style=\"\"><i class=\"pvc-stats-icon medium\" aria-hidden=\"true\"><svg aria-hidden=\"true\" focusable=\"false\" data-prefix=\"far\" data-icon=\"chart-bar\" role=\"img\" xmlns=\"http:\/\/www.w3.org\/2000\/svg\" viewBox=\"0 0 512 512\" class=\"svg-inline--fa fa-chart-bar fa-w-16 fa-2x\"><path fill=\"currentColor\" d=\"M396.8 352h22.4c6.4 0 12.8-6.4 12.8-12.8V108.8c0-6.4-6.4-12.8-12.8-12.8h-22.4c-6.4 0-12.8 6.4-12.8 12.8v230.4c0 6.4 6.4 12.8 12.8 12.8zm-192 0h22.4c6.4 0 12.8-6.4 12.8-12.8V140.8c0-6.4-6.4-12.8-12.8-12.8h-22.4c-6.4 0-12.8 6.4-12.8 12.8v198.4c0 6.4 6.4 12.8 12.8 12.8zm96 0h22.4c6.4 0 12.8-6.4 12.8-12.8V204.8c0-6.4-6.4-12.8-12.8-12.8h-22.4c-6.4 0-12.8 6.4-12.8 12.8v134.4c0 6.4 6.4 12.8 12.8 12.8zM496 400H48V80c0-8.84-7.16-16-16-16H16C7.16 64 0 71.16 0 80v336c0 17.67 14.33 32 32 32h464c8.84 0 16-7.16 16-16v-16c0-8.84-7.16-16-16-16zm-387.2-48h22.4c6.4 0 12.8-6.4 12.8-12.8v-70.4c0-6.4-6.4-12.8-12.8-12.8h-22.4c-6.4 0-12.8 6.4-12.8 12.8v70.4c0 6.4 6.4 12.8 12.8 12.8z\" class=\"\"><\/path><\/svg><\/i> <img loading=\"lazy\" decoding=\"async\" width=\"16\" height=\"16\" alt=\"Loading\" src=\"https:\/\/fairy.hu\/blog\/wp-content\/plugins\/page-views-count\/ajax-loader-2x.gif\" border=0 \/><\/p>\n<div class=\"pvc_clear\"><\/div>\n<!-- AddThis Advanced Settings generic via filter on the_content --><!-- AddThis Share Buttons generic via filter on the_content -->","protected":false},"excerpt":{"rendered":"<p>Egy ideje &#8211; vagy tizen\u00f6t \u00e9ve? &#8211; ez a nick k\u00e9pviseli az on-line jelenl\u00e9temet. Hogy hol mindenhol? Megpr\u00f3b\u00e1ltam \u00f6sszeszedni: MovesCount: Fairy_ Google Photos:\u00a0 Ferenc&#8217;s Album Archive Edz\u00e9sOnline:\u00a0Fairy adatlapja Google Drive (.xls): Challenges_2014 Endomondo:\u00a0\u00a0Fairy Ferenc K\u00f6vecs ITRA:\u00a0Ferenc K\u00d6VECS (Men \/ Hungary) &hellip; <a href=\"https:\/\/fairy.hu\/blog\/fairy\/\">Egy kattint\u00e1s ide a folytat\u00e1shoz&#8230;. <span class=\"meta-nav\">&rarr;<\/span><\/a><!-- AddThis Advanced Settings generic via filter on get_the_excerpt --><!-- AddThis Share Buttons generic via filter on get_the_excerpt --><\/p>\n<div class=\"pvc_clear\"><\/div>\n<p id=\"pvc_stats_9\" class=\"pvc_stats all  \" data-element-id=\"9\" style=\"\"><i class=\"pvc-stats-icon medium\" aria-hidden=\"true\"><svg aria-hidden=\"true\" focusable=\"false\" data-prefix=\"far\" data-icon=\"chart-bar\" role=\"img\" xmlns=\"http:\/\/www.w3.org\/2000\/svg\" viewBox=\"0 0 512 512\" class=\"svg-inline--fa fa-chart-bar fa-w-16 fa-2x\"><path fill=\"currentColor\" d=\"M396.8 352h22.4c6.4 0 12.8-6.4 12.8-12.8V108.8c0-6.4-6.4-12.8-12.8-12.8h-22.4c-6.4 0-12.8 6.4-12.8 12.8v230.4c0 6.4 6.4 12.8 12.8 12.8zm-192 0h22.4c6.4 0 12.8-6.4 12.8-12.8V140.8c0-6.4-6.4-12.8-12.8-12.8h-22.4c-6.4 0-12.8 6.4-12.8 12.8v198.4c0 6.4 6.4 12.8 12.8 12.8zm96 0h22.4c6.4 0 12.8-6.4 12.8-12.8V204.8c0-6.4-6.4-12.8-12.8-12.8h-22.4c-6.4 0-12.8 6.4-12.8 12.8v134.4c0 6.4 6.4 12.8 12.8 12.8zM496 400H48V80c0-8.84-7.16-16-16-16H16C7.16 64 0 71.16 0 80v336c0 17.67 14.33 32 32 32h464c8.84 0 16-7.16 16-16v-16c0-8.84-7.16-16-16-16zm-387.2-48h22.4c6.4 0 12.8-6.4 12.8-12.8v-70.4c0-6.4-6.4-12.8-12.8-12.8h-22.4c-6.4 0-12.8 6.4-12.8 12.8v70.4c0 6.4 6.4 12.8 12.8 12.8z\" class=\"\"><\/path><\/svg><\/i> <img loading=\"lazy\" decoding=\"async\" width=\"16\" height=\"16\" alt=\"Loading\" src=\"https:\/\/fairy.hu\/blog\/wp-content\/plugins\/page-views-count\/ajax-loader-2x.gif\" border=0 \/><\/p>\n<div class=\"pvc_clear\"><\/div>\n","protected":false},"author":1,"featured_media":0,"parent":0,"menu_order":0,"comment_status":"open","ping_status":"open","template":"","meta":{"footnotes":""},"class_list":["post-9","page","type-page","status-publish","hentry"],"a3_pvc":{"activated":true,"total_views":11786,"today_views":0},"_links":{"self":[{"href":"https:\/\/fairy.hu\/blog\/wp-json\/wp\/v2\/pages\/9","targetHints":{"allow":["GET"]}}],"collection":[{"href":"https:\/\/fairy.hu\/blog\/wp-json\/wp\/v2\/pages"}],"about":[{"href":"https:\/\/fairy.hu\/blog\/wp-json\/wp\/v2\/types\/page"}],"author":[{"embeddable":true,"href":"https:\/\/fairy.hu\/blog\/wp-json\/wp\/v2\/users\/1"}],"replies":[{"embeddable":true,"href":"https:\/\/fairy.hu\/blog\/wp-json\/wp\/v2\/comments?post=9"}],"version-history":[{"count":10,"href":"https:\/\/fairy.hu\/blog\/wp-json\/wp\/v2\/pages\/9\/revisions"}],"predecessor-version":[{"id":343,"href":"https:\/\/fairy.hu\/blog\/wp-json\/wp\/v2\/pages\/9\/revisions\/343"}],"wp:attachment":[{"href":"https:\/\/fairy.hu\/blog\/wp-json\/wp\/v2\/media?parent=9"}],"curies":[{"name":"wp","href":"https:\/\/api.w.org\/{rel}","templated":true}]}}